{"id":4000,"date":"2024-01-19T20:24:03","date_gmt":"2024-01-19T19:24:03","guid":{"rendered":"https:\/\/saragomezdermatologa.com\/shopping-cart\/"},"modified":"2024-01-25T18:40:31","modified_gmt":"2024-01-25T17:40:31","slug":"shopping-cart","status":"publish","type":"page","link":"https:\/\/saragomezdermatologa.com\/en\/shopping-cart\/","title":{"rendered":"Shopping cart"},"content":{"rendered":"\t\t<div data-elementor-type=\"wp-page\" data-elementor-id=\"4000\" class=\"elementor elementor-4000 elementor-3809\" data-elementor-post-type=\"page\">\n\t\t\t\t\t\t<section class=\"elementor-section elementor-top-section elementor-element elementor-element-2d45e28 elementor-section-boxed elementor-section-height-default elementor-section-height-default\" data-id=\"2d45e28\" data-element_type=\"section\" data-settings=\"{&quot;background_background&quot;:&quot;classic&quot;}\">\n\t\t\t\t\t\t<div class=\"elementor-container elementor-column-gap-default\">\n\t\t\t\t\t<div class=\"elementor-column elementor-col-100 elementor-top-column elementor-element elementor-element-909d376\" data-id=\"909d376\" data-element_type=\"column\">\n\t\t\t<div class=\"elementor-widget-wrap elementor-element-populated\">\n\t\t\t\t\t\t<div class=\"elementor-element elementor-element-1c526e9 elementor-widget elementor-widget-heading\" data-id=\"1c526e9\" data-element_type=\"widget\" data-widget_type=\"heading.default\">\n\t\t\t\t<div class=\"elementor-widget-container\">\n\t\t\t<h2 class=\"elementor-heading-title elementor-size-default\">Shopping cart<\/h2>\t\t<\/div>\n\t\t\t\t<\/div>\n\t\t\t\t<div class=\"elementor-element elementor-element-e7a74f5 elementor-widget elementor-widget-heading\" data-id=\"e7a74f5\" data-element_type=\"widget\" data-widget_type=\"heading.default\">\n\t\t\t\t<div class=\"elementor-widget-container\">\n\t\t\t<h2 class=\"elementor-heading-title elementor-size-default\">Check your order<\/h2>\t\t<\/div>\n\t\t\t\t<\/div>\n\t\t\t\t<div class=\"elementor-element elementor-element-9a9260e elementor-widget elementor-widget-text-editor\" data-id=\"9a9260e\" data-element_type=\"widget\" data-widget_type=\"text-editor.default\">\n\t\t\t\t<div class=\"elementor-widget-container\">\n\t\t\t\t\t\t\t<p>Review the data entered. If you detect an error, remove the item from the basket and repeat the request with the correct information.<\/p>\n\t\t\t\t\t\t<\/div>\n\t\t\t\t<\/div>\n\t\t\t\t<div class=\"elementor-element elementor-element-7c7b57b elementor-widget elementor-widget-spacer\" data-id=\"7c7b57b\" data-element_type=\"widget\" data-widget_type=\"spacer.default\">\n\t\t\t\t<div class=\"elementor-widget-container\">\n\t\t\t\t\t<div class=\"elementor-spacer\">\n\t\t\t<div class=\"elementor-spacer-inner\"><\/div>\n\t\t<\/div>\n\t\t\t\t<\/div>\n\t\t\t\t<\/div>\n\t\t\t\t\t<\/div>\n\t\t<\/div>\n\t\t\t\t\t<\/div>\n\t\t<\/section>\n\t\t\t\t<\/div>\n\t\t","protected":false},"excerpt":{"rendered":"<p>Shopping cart Check your order Review the data entered. If you detect an error, remove the item from the basket and repeat the request with the correct information. Tu carrito est\u00e1 vac\u00edo. Volver a la solicitud de cita previa<\/p>\n","protected":false},"author":8,"featured_media":0,"parent":0,"menu_order":0,"comment_status":"closed","ping_status":"closed","template":"","meta":{"footnotes":""},"yoast_head":"<!-- This site is optimized with the Yoast SEO plugin v22.8 - https:\/\/yoast.com\/wordpress\/plugins\/seo\/ -->\n<title>Shopping cart | Dra. Sara G\u00f3mez Armayones<\/title>\n<meta name=\"description\" content=\"Shopping cart Check your order Review the data entered. If you detect an error, remove the item from the basket and repeat the request with the correct\" \/>\n<meta name=\"robots\" content=\"index, follow, max-snippet:-1, max-image-preview:large, max-video-preview:-1\" \/>\n<link rel=\"canonical\" href=\"https:\/\/saragomezdermatologa.com\/en\/shopping-cart\/\" \/>\n<meta property=\"og:locale\" content=\"en_US\" \/>\n<meta property=\"og:type\" content=\"article\" \/>\n<meta property=\"og:title\" content=\"Shopping cart | Dra. Sara G\u00f3mez Armayones\" \/>\n<meta property=\"og:description\" content=\"Shopping cart Check your order Review the data entered. If you detect an error, remove the item from the basket and repeat the request with the correct\" \/>\n<meta property=\"og:url\" content=\"https:\/\/saragomezdermatologa.com\/en\/shopping-cart\/\" \/>\n<meta property=\"og:site_name\" content=\"Dra. Sara G\u00f3mez Armayones\" \/>\n<meta property=\"article:modified_time\" content=\"2024-01-25T17:40:31+00:00\" \/>\n<meta property=\"og:image\" content=\"https:\/\/saragomezdermatologa.com\/wp-content\/uploads\/2023\/01\/Sara-Gomez-Dermatologa-1.jpg\" \/>\n\t<meta property=\"og:image:width\" content=\"1000\" \/>\n\t<meta property=\"og:image:height\" content=\"806\" \/>\n\t<meta property=\"og:image:type\" content=\"image\/jpeg\" \/>\n<meta name=\"twitter:card\" content=\"summary_large_image\" \/>\n<script type=\"application\/ld+json\" class=\"yoast-schema-graph\">{\"@context\":\"https:\/\/schema.org\",\"@graph\":[{\"@type\":\"WebPage\",\"@id\":\"https:\/\/saragomezdermatologa.com\/en\/shopping-cart\/\",\"url\":\"https:\/\/saragomezdermatologa.com\/en\/shopping-cart\/\",\"name\":\"Shopping cart | Dra. Sara G\u00f3mez Armayones\",\"isPartOf\":{\"@id\":\"https:\/\/saragomezdermatologa.com\/en\/#website\"},\"datePublished\":\"2024-01-19T19:24:03+00:00\",\"dateModified\":\"2024-01-25T17:40:31+00:00\",\"description\":\"Shopping cart Check your order Review the data entered. If you detect an error, remove the item from the basket and repeat the request with the correct\",\"breadcrumb\":{\"@id\":\"https:\/\/saragomezdermatologa.com\/en\/shopping-cart\/#breadcrumb\"},\"inLanguage\":\"en-US\",\"potentialAction\":[{\"@type\":\"ReadAction\",\"target\":[\"https:\/\/saragomezdermatologa.com\/en\/shopping-cart\/\"]}]},{\"@type\":\"BreadcrumbList\",\"@id\":\"https:\/\/saragomezdermatologa.com\/en\/shopping-cart\/#breadcrumb\",\"itemListElement\":[{\"@type\":\"ListItem\",\"position\":1,\"name\":\"Portada\",\"item\":\"https:\/\/saragomezdermatologa.com\/en\/\"},{\"@type\":\"ListItem\",\"position\":2,\"name\":\"Shopping cart\"}]},{\"@type\":\"WebSite\",\"@id\":\"https:\/\/saragomezdermatologa.com\/en\/#website\",\"url\":\"https:\/\/saragomezdermatologa.com\/en\/\",\"name\":\"Dra. Sara G\u00f3mez Armayones\",\"description\":\"Dermatolog\u00eda m\u00e9dico-quir\u00fargica y Venereolog\u00eda v\u00eda MIR\",\"potentialAction\":[{\"@type\":\"SearchAction\",\"target\":{\"@type\":\"EntryPoint\",\"urlTemplate\":\"https:\/\/saragomezdermatologa.com\/en\/?s={search_term_string}\"},\"query-input\":\"required name=search_term_string\"}],\"inLanguage\":\"en-US\"}]}<\/script>\n<!-- \/ Yoast SEO plugin. -->","yoast_head_json":{"title":"Shopping cart | Dra. Sara G\u00f3mez Armayones","description":"Shopping cart Check your order Review the data entered. If you detect an error, remove the item from the basket and repeat the request with the correct","robots":{"index":"index","follow":"follow","max-snippet":"max-snippet:-1","max-image-preview":"max-image-preview:large","max-video-preview":"max-video-preview:-1"},"canonical":"https:\/\/saragomezdermatologa.com\/en\/shopping-cart\/","og_locale":"en_US","og_type":"article","og_title":"Shopping cart | Dra. Sara G\u00f3mez Armayones","og_description":"Shopping cart Check your order Review the data entered. If you detect an error, remove the item from the basket and repeat the request with the correct","og_url":"https:\/\/saragomezdermatologa.com\/en\/shopping-cart\/","og_site_name":"Dra. Sara G\u00f3mez Armayones","article_modified_time":"2024-01-25T17:40:31+00:00","og_image":[{"width":1000,"height":806,"url":"https:\/\/saragomezdermatologa.com\/wp-content\/uploads\/2023\/01\/Sara-Gomez-Dermatologa-1.jpg","type":"image\/jpeg"}],"twitter_card":"summary_large_image","schema":{"@context":"https:\/\/schema.org","@graph":[{"@type":"WebPage","@id":"https:\/\/saragomezdermatologa.com\/en\/shopping-cart\/","url":"https:\/\/saragomezdermatologa.com\/en\/shopping-cart\/","name":"Shopping cart | Dra. Sara G\u00f3mez Armayones","isPartOf":{"@id":"https:\/\/saragomezdermatologa.com\/en\/#website"},"datePublished":"2024-01-19T19:24:03+00:00","dateModified":"2024-01-25T17:40:31+00:00","description":"Shopping cart Check your order Review the data entered. If you detect an error, remove the item from the basket and repeat the request with the correct","breadcrumb":{"@id":"https:\/\/saragomezdermatologa.com\/en\/shopping-cart\/#breadcrumb"},"inLanguage":"en-US","potentialAction":[{"@type":"ReadAction","target":["https:\/\/saragomezdermatologa.com\/en\/shopping-cart\/"]}]},{"@type":"BreadcrumbList","@id":"https:\/\/saragomezdermatologa.com\/en\/shopping-cart\/#breadcrumb","itemListElement":[{"@type":"ListItem","position":1,"name":"Portada","item":"https:\/\/saragomezdermatologa.com\/en\/"},{"@type":"ListItem","position":2,"name":"Shopping cart"}]},{"@type":"WebSite","@id":"https:\/\/saragomezdermatologa.com\/en\/#website","url":"https:\/\/saragomezdermatologa.com\/en\/","name":"Dra. Sara G\u00f3mez Armayones","description":"Dermatolog\u00eda m\u00e9dico-quir\u00fargica y Venereolog\u00eda v\u00eda MIR","potentialAction":[{"@type":"SearchAction","target":{"@type":"EntryPoint","urlTemplate":"https:\/\/saragomezdermatologa.com\/en\/?s={search_term_string}"},"query-input":"required name=search_term_string"}],"inLanguage":"en-US"}]}},"_links":{"self":[{"href":"https:\/\/saragomezdermatologa.com\/en\/wp-json\/wp\/v2\/pages\/4000"}],"collection":[{"href":"https:\/\/saragomezdermatologa.com\/en\/wp-json\/wp\/v2\/pages"}],"about":[{"href":"https:\/\/saragomezdermatologa.com\/en\/wp-json\/wp\/v2\/types\/page"}],"author":[{"embeddable":true,"href":"https:\/\/saragomezdermatologa.com\/en\/wp-json\/wp\/v2\/users\/8"}],"replies":[{"embeddable":true,"href":"https:\/\/saragomezdermatologa.com\/en\/wp-json\/wp\/v2\/comments?post=4000"}],"version-history":[{"count":1,"href":"https:\/\/saragomezdermatologa.com\/en\/wp-json\/wp\/v2\/pages\/4000\/revisions"}],"predecessor-version":[{"id":4001,"href":"https:\/\/saragomezdermatologa.com\/en\/wp-json\/wp\/v2\/pages\/4000\/revisions\/4001"}],"wp:attachment":[{"href":"https:\/\/saragomezdermatologa.com\/en\/wp-json\/wp\/v2\/media?parent=4000"}],"curies":[{"name":"wp","href":"https:\/\/api.w.org\/{rel}","templated":true}]}}