{"id":3268,"date":"2023-07-12T16:21:44","date_gmt":"2023-07-12T14:21:44","guid":{"rendered":"https:\/\/saragomezdermatologa.com\/scars\/atrophic-sunken-scars\/"},"modified":"2024-01-26T12:35:39","modified_gmt":"2024-01-26T11:35:39","slug":"atrophic-sunken-scars","status":"publish","type":"page","link":"https:\/\/saragomezdermatologa.com\/en\/scars\/atrophic-sunken-scars\/","title":{"rendered":"Atrophic (sunken) scars"},"content":{"rendered":"\t\t<div data-elementor-type=\"wp-page\" data-elementor-id=\"3268\" class=\"elementor elementor-3268 elementor-2489\" data-elementor-post-type=\"page\">\n\t\t\t\t\t\t<section class=\"elementor-section elementor-top-section elementor-element elementor-element-f5e1df4 afp-bg-color elementor-section-boxed elementor-section-height-default elementor-section-height-default\" data-id=\"f5e1df4\" data-element_type=\"section\">\n\t\t\t\t\t\t<div class=\"elementor-container elementor-column-gap-default\">\n\t\t\t\t\t<div class=\"elementor-column elementor-col-100 elementor-top-column elementor-element elementor-element-8286a09\" data-id=\"8286a09\" data-element_type=\"column\">\n\t\t\t<div class=\"elementor-widget-wrap elementor-element-populated\">\n\t\t\t\t\t\t<div class=\"elementor-element elementor-element-b6505ba afp-less-margin-bottom elementor-widget elementor-widget-text-editor\" data-id=\"b6505ba\" data-element_type=\"widget\" data-widget_type=\"text-editor.default\">\n\t\t\t\t<div class=\"elementor-widget-container\">\n\t\t\t\t\t\t\t<p style=\"text-align: center;\">Scars<\/p>\n\t\t\t\t\t\t<\/div>\n\t\t\t\t<\/div>\n\t\t\t\t<div class=\"elementor-element elementor-element-d6c330b elementor-widget elementor-widget-heading\" data-id=\"d6c330b\" data-element_type=\"widget\" data-widget_type=\"heading.default\">\n\t\t\t\t<div class=\"elementor-widget-container\">\n\t\t\t<h1 class=\"elementor-heading-title elementor-size-default\">Atrophic (sunken) scars<\/h1>\t\t<\/div>\n\t\t\t\t<\/div>\n\t\t\t\t<div class=\"elementor-element elementor-element-4b09877 elementor-widget elementor-widget-text-editor\" data-id=\"4b09877\" data-element_type=\"widget\" data-widget_type=\"text-editor.default\">\n\t\t\t\t<div class=\"elementor-widget-container\">\n\t\t\t\t\t\t\t<p>Atrophic scars appear after an inflammatory process that can result in collagen loss and thinning of the dermis. These types of lesions usually develop after chickenpox, trauma, or acne lesions (the most common cause), and usually present as a depression in the skin.<\/p>\n\t\t\t\t\t\t<\/div>\n\t\t\t\t<\/div>\n\t\t\t\t<section class=\"elementor-section elementor-inner-section elementor-element elementor-element-c8b349b elementor-section-boxed elementor-section-height-default elementor-section-height-default\" data-id=\"c8b349b\" data-element_type=\"section\">\n\t\t\t\t\t\t<div class=\"elementor-container elementor-column-gap-default\">\n\t\t\t\t\t<div class=\"elementor-column elementor-col-50 elementor-inner-column elementor-element elementor-element-85d5cb1\" data-id=\"85d5cb1\" data-element_type=\"column\">\n\t\t\t<div class=\"elementor-widget-wrap elementor-element-populated\">\n\t\t\t\t\t\t<div class=\"elementor-element elementor-element-6ed63cd elementor-widget elementor-widget-image\" data-id=\"6ed63cd\" data-element_type=\"widget\" data-widget_type=\"image.default\">\n\t\t\t\t<div class=\"elementor-widget-container\">\n\t\t\t\t\t\t\t\t\t\t<figure class=\"wp-caption\">\n\t\t\t\t\t\t\t\t\t\t<img fetchpriority=\"high\" decoding=\"async\" width=\"512\" height=\"382\" src=\"https:\/\/saragomezdermatologa.com\/wp-content\/uploads\/2023\/07\/Cicatrices-atroficas-2.jpeg\" class=\"attachment-full size-full wp-image-2490\" alt=\"Cicatrices atro\u0301ficas\" srcset=\"https:\/\/saragomezdermatologa.com\/wp-content\/uploads\/2023\/07\/Cicatrices-atroficas-2.jpeg 512w, https:\/\/saragomezdermatologa.com\/wp-content\/uploads\/2023\/07\/Cicatrices-atroficas-2-300x224.jpeg 300w\" sizes=\"(max-width: 512px) 100vw, 512px\" \/>\t\t\t\t\t\t\t\t\t\t\t<figcaption class=\"widget-image-caption wp-caption-text\">Atrophic scars due to chickenpox, facial. Source: Visual DX 2019<\/figcaption>\n\t\t\t\t\t\t\t\t\t\t<\/figure>\n\t\t\t\t\t\t\t<\/div>\n\t\t\t\t<\/div>\n\t\t\t\t\t<\/div>\n\t\t<\/div>\n\t\t\t\t<div class=\"elementor-column elementor-col-50 elementor-inner-column elementor-element elementor-element-24bb8a5\" data-id=\"24bb8a5\" data-element_type=\"column\">\n\t\t\t<div class=\"elementor-widget-wrap elementor-element-populated\">\n\t\t\t\t\t\t<div class=\"elementor-element elementor-element-4725511 elementor-widget elementor-widget-image\" data-id=\"4725511\" data-element_type=\"widget\" data-widget_type=\"image.default\">\n\t\t\t\t<div class=\"elementor-widget-container\">\n\t\t\t\t\t\t\t\t\t\t<figure class=\"wp-caption\">\n\t\t\t\t\t\t\t\t\t\t<img decoding=\"async\" width=\"512\" height=\"374\" src=\"https:\/\/saragomezdermatologa.com\/wp-content\/uploads\/2023\/07\/Cicatrices-atroficas-.jpeg\" class=\"attachment-full size-full wp-image-2491\" alt=\"Cicatrices atro\u0301ficas\" srcset=\"https:\/\/saragomezdermatologa.com\/wp-content\/uploads\/2023\/07\/Cicatrices-atroficas-.jpeg 512w, https:\/\/saragomezdermatologa.com\/wp-content\/uploads\/2023\/07\/Cicatrices-atroficas--300x219.jpeg 300w\" sizes=\"(max-width: 512px) 100vw, 512px\" \/>\t\t\t\t\t\t\t\t\t\t\t<figcaption class=\"widget-image-caption wp-caption-text\">Facial traumatic atrophic scar. Visual DX. <\/figcaption>\n\t\t\t\t\t\t\t\t\t\t<\/figure>\n\t\t\t\t\t\t\t<\/div>\n\t\t\t\t<\/div>\n\t\t\t\t\t<\/div>\n\t\t<\/div>\n\t\t\t\t\t<\/div>\n\t\t<\/section>\n\t\t\t\t\t<\/div>\n\t\t<\/div>\n\t\t\t\t\t<\/div>\n\t\t<\/section>\n\t\t\t\t<section class=\"elementor-section elementor-top-section elementor-element elementor-element-6b0cd41 elementor-section-boxed elementor-section-height-default elementor-section-height-default\" data-id=\"6b0cd41\" data-element_type=\"section\">\n\t\t\t\t\t\t<div class=\"elementor-container elementor-column-gap-default\">\n\t\t\t\t\t<div class=\"elementor-column elementor-col-100 elementor-top-column elementor-element elementor-element-97fad31\" data-id=\"97fad31\" data-element_type=\"column\">\n\t\t\t<div class=\"elementor-widget-wrap elementor-element-populated\">\n\t\t\t\t\t\t<div class=\"elementor-element elementor-element-ddb2864 afp-smaller-h2 elementor-widget elementor-widget-heading\" data-id=\"ddb2864\" data-element_type=\"widget\" data-widget_type=\"heading.default\">\n\t\t\t\t<div class=\"elementor-widget-container\">\n\t\t\t<h2 class=\"elementor-heading-title elementor-size-default\">Frequently asked questions<\/h2>\t\t<\/div>\n\t\t\t\t<\/div>\n\t\t\t\t<div class=\"elementor-element elementor-element-2bd412c elementor-widget elementor-widget-text-editor\" data-id=\"2bd412c\" data-element_type=\"widget\" data-widget_type=\"text-editor.default\">\n\t\t\t\t<div class=\"elementor-widget-container\">\n\t\t\t\t\t\t\t<p style=\"text-align: center;\">Click on the question to expand the answer<\/p>\n\t\t\t\t\t\t<\/div>\n\t\t\t\t<\/div>\n\t\t\t\t<div class=\"elementor-element elementor-element-cd125e7 afp-faq elementor-invisible elementor-widget elementor-widget-accordion\" data-id=\"cd125e7\" data-element_type=\"widget\" data-settings=\"{&quot;_animation&quot;:&quot;fadeIn&quot;}\" data-widget_type=\"accordion.default\">\n\t\t\t\t<div class=\"elementor-widget-container\">\n\t\t\t\t\t<div class=\"elementor-accordion\">\n\t\t\t\t\t\t\t<div class=\"elementor-accordion-item\">\n\t\t\t\t\t<div id=\"elementor-tab-title-2151\" class=\"elementor-tab-title\" data-tab=\"1\" role=\"button\" aria-controls=\"elementor-tab-content-2151\" aria-expanded=\"false\">\n\t\t\t\t\t\t\t\t\t\t\t\t\t<span class=\"elementor-accordion-icon elementor-accordion-icon-right\" aria-hidden=\"true\">\n\t\t\t\t\t\t\t\t\t\t\t\t\t\t\t<span class=\"elementor-accordion-icon-closed\"><i class=\"fas fa-arrow-right\"><\/i><\/span>\n\t\t\t\t\t\t\t\t<span class=\"elementor-accordion-icon-opened\"><i class=\"fas fa-angle-down\"><\/i><\/span>\n\t\t\t\t\t\t\t\t\t\t\t\t\t\t<\/span>\n\t\t\t\t\t\t\t\t\t\t\t\t<a class=\"elementor-accordion-title\" tabindex=\"0\">What is the treatment of atrophic scars?<\/a>\n\t\t\t\t\t<\/div>\n\t\t\t\t\t<div id=\"elementor-tab-content-2151\" class=\"elementor-tab-content elementor-clearfix\" data-tab=\"1\" role=\"region\" aria-labelledby=\"elementor-tab-title-2151\"><p>Depending on the appearance and location of these lesions, and the characteristics of the patient&#8217;s skin, we can perform a combination of treatments to improve their appearance, such as fractionated ablative and non-ablative laser, subcision, surgery and infiltration of filler substances such as hyaluronic acid.<\/p>\n<\/div>\n\t\t\t\t<\/div>\n\t\t\t\t\t\t\t<div class=\"elementor-accordion-item\">\n\t\t\t\t\t<div id=\"elementor-tab-title-2152\" class=\"elementor-tab-title\" data-tab=\"2\" role=\"button\" aria-controls=\"elementor-tab-content-2152\" aria-expanded=\"false\">\n\t\t\t\t\t\t\t\t\t\t\t\t\t<span class=\"elementor-accordion-icon elementor-accordion-icon-right\" aria-hidden=\"true\">\n\t\t\t\t\t\t\t\t\t\t\t\t\t\t\t<span class=\"elementor-accordion-icon-closed\"><i class=\"fas fa-arrow-right\"><\/i><\/span>\n\t\t\t\t\t\t\t\t<span class=\"elementor-accordion-icon-opened\"><i class=\"fas fa-angle-down\"><\/i><\/span>\n\t\t\t\t\t\t\t\t\t\t\t\t\t\t<\/span>\n\t\t\t\t\t\t\t\t\t\t\t\t<a class=\"elementor-accordion-title\" tabindex=\"0\">Is the treatment of atrophic scars painful?<\/a>\n\t\t\t\t\t<\/div>\n\t\t\t\t\t<div id=\"elementor-tab-content-2152\" class=\"elementor-tab-content elementor-clearfix\" data-tab=\"2\" role=\"region\" aria-labelledby=\"elementor-tab-title-2152\"><p>Most procedures to improve the appearance of these scars are performed under topical and\/or local anaesthesia and are therefore easily tolerated.<\/p>\n<\/div>\n\t\t\t\t<\/div>\n\t\t\t\t\t\t\t<div class=\"elementor-accordion-item\">\n\t\t\t\t\t<div id=\"elementor-tab-title-2153\" class=\"elementor-tab-title\" data-tab=\"3\" role=\"button\" aria-controls=\"elementor-tab-content-2153\" aria-expanded=\"false\">\n\t\t\t\t\t\t\t\t\t\t\t\t\t<span class=\"elementor-accordion-icon elementor-accordion-icon-right\" aria-hidden=\"true\">\n\t\t\t\t\t\t\t\t\t\t\t\t\t\t\t<span class=\"elementor-accordion-icon-closed\"><i class=\"fas fa-arrow-right\"><\/i><\/span>\n\t\t\t\t\t\t\t\t<span class=\"elementor-accordion-icon-opened\"><i class=\"fas fa-angle-down\"><\/i><\/span>\n\t\t\t\t\t\t\t\t\t\t\t\t\t\t<\/span>\n\t\t\t\t\t\t\t\t\t\t\t\t<a class=\"elementor-accordion-title\" tabindex=\"0\">What is the degree of improvement of atrophic scars?<\/a>\n\t\t\t\t\t<\/div>\n\t\t\t\t\t<div id=\"elementor-tab-content-2153\" class=\"elementor-tab-content elementor-clearfix\" data-tab=\"3\" role=\"region\" aria-labelledby=\"elementor-tab-title-2153\"><p>Although the degree of improvement usually depends on the patient&#8217;s ability to produce collagen after treatment, it is between 20 and 50%.<\/p>\n<\/div>\n\t\t\t\t<\/div>\n\t\t\t\t\t\t\t\t<\/div>\n\t\t\t\t<\/div>\n\t\t\t\t<\/div>\n\t\t\t\t\t<\/div>\n\t\t<\/div>\n\t\t\t\t\t<\/div>\n\t\t<\/section>\n\t\t\t\t<section class=\"elementor-section elementor-top-section elementor-element elementor-element-a546503 afp-bg-color elementor-section-boxed elementor-section-height-default elementor-section-height-default\" data-id=\"a546503\" data-element_type=\"section\">\n\t\t\t\t\t\t<div class=\"elementor-container elementor-column-gap-default\">\n\t\t\t\t\t<div class=\"elementor-column elementor-col-100 elementor-top-column elementor-element elementor-element-507145e\" data-id=\"507145e\" data-element_type=\"column\" data-settings=\"{&quot;background_background&quot;:&quot;classic&quot;}\">\n\t\t\t<div class=\"elementor-widget-wrap elementor-element-populated\">\n\t\t\t\t\t\t<div class=\"elementor-element elementor-element-f442740 afp-smaller-h2 elementor-widget elementor-widget-heading\" data-id=\"f442740\" data-element_type=\"widget\" data-widget_type=\"heading.default\">\n\t\t\t\t<div class=\"elementor-widget-container\">\n\t\t\t<h2 class=\"elementor-heading-title elementor-size-default\">Rates<\/h2>\t\t<\/div>\n\t\t\t\t<\/div>\n\t\t\t\t<div class=\"elementor-element elementor-element-911bea6 afp-no-underline afp-tarifas elementor-widget elementor-widget-price-list\" data-id=\"911bea6\" data-element_type=\"widget\" data-widget_type=\"price-list.default\">\n\t\t\t\t<div class=\"elementor-widget-container\">\n\t\t\t\n\t\t<ul class=\"elementor-price-list\">\n\n\t\t\t\t\t\t\t\t\t<li><a class=\"elementor-price-list-item\" href=\"#\">\t\t\t\t\n\t\t\t\t<div class=\"elementor-price-list-text\">\n\t\t\t\t\t\t\t\t\t<div class=\"elementor-price-list-header\">\n\t\t\t\t\t\t\t\t\t\t\t<span class=\"elementor-price-list-title\">\n\t\t\t\t\t\t\tCombined treatment for atrophic scars\t\t\t\t\t\t<\/span>\n\t\t\t\t\t\t\t\t\t\t\t\t\t\t\t\t\t\t<span class=\"elementor-price-list-separator\"><\/span>\n\t\t\t\t\t\t\t\t\t\t\t\t\t\t\t\t\t\t\t<span class=\"elementor-price-list-price\">from 250\u20ac\/session<\/span>\n\t\t\t\t\t\t\t\t\t\t<\/div>\n\t\t\t\t\t\t\t\t\t\t\t\t<\/div>\n\t\t\t\t<\/a><\/li>\t\t\t\t\t\n\t\t<\/ul>\n\n\t\t\t\t<\/div>\n\t\t\t\t<\/div>\n\t\t\t\t\t<\/div>\n\t\t<\/div>\n\t\t\t\t\t<\/div>\n\t\t<\/section>\n\t\t\t\t<section class=\"elementor-section elementor-top-section elementor-element elementor-element-4fc89c4 elementor-section-boxed elementor-section-height-default elementor-section-height-default\" data-id=\"4fc89c4\" data-element_type=\"section\">\n\t\t\t\t\t\t<div class=\"elementor-container elementor-column-gap-default\">\n\t\t\t\t\t<div class=\"elementor-column elementor-col-100 elementor-top-column elementor-element elementor-element-dda53af\" data-id=\"dda53af\" data-element_type=\"column\">\n\t\t\t<div class=\"elementor-widget-wrap elementor-element-populated\">\n\t\t\t\t\t\t<div class=\"elementor-element elementor-element-44fa961 elementor-hidden-desktop elementor-hidden-tablet elementor-hidden-mobile elementor-widget elementor-widget-heading\" data-id=\"44fa961\" data-element_type=\"widget\" data-widget_type=\"heading.default\">\n\t\t\t\t<div class=\"elementor-widget-container\">\n\t\t\t<h2 class=\"elementor-heading-title elementor-size-default\">Book an appointment<\/h2>\t\t<\/div>\n\t\t\t\t<\/div>\n\t\t\t\t<div class=\"elementor-element elementor-element-e9a4b6e elementor-hidden-desktop elementor-hidden-tablet elementor-hidden-mobile elementor-widget elementor-widget-text-editor\" data-id=\"e9a4b6e\" data-element_type=\"widget\" data-widget_type=\"text-editor.default\">\n\t\t\t\t<div class=\"elementor-widget-container\">\n\t\t\t\t\t\t\t<p style=\"text-align: center;\">You can make an appointment by phone, via email, or by filling in this form.<\/p>\n\t\t\t\t\t\t<\/div>\n\t\t\t\t<\/div>\n\t\t\t\t<div class=\"elementor-element elementor-element-2ef3a70 afp-form-with-color elementor-widget elementor-widget-shortcode\" data-id=\"2ef3a70\" data-element_type=\"widget\" data-widget_type=\"shortcode.default\">\n\t\t\t\t<div class=\"elementor-widget-container\">\n\t\t\t\t\t<div class=\"elementor-shortcode\">\t\t<div data-elementor-type=\"section\" data-elementor-id=\"3229\" class=\"elementor elementor-3229 elementor-2238\" data-elementor-post-type=\"elementor_library\">\n\t\t\t\t\t<section class=\"elementor-section elementor-inner-section elementor-element elementor-element-25c98607 elementor-section-boxed elementor-section-height-default elementor-section-height-default\" data-id=\"25c98607\" data-element_type=\"section\">\n\t\t\t\t\t\t<div class=\"elementor-container elementor-column-gap-default\">\n\t\t\t\t\t<div class=\"elementor-column elementor-col-100 elementor-inner-column elementor-element elementor-element-4cfeaddc afp-columna-movil\" data-id=\"4cfeaddc\" data-element_type=\"column\">\n\t\t\t<div class=\"elementor-widget-wrap elementor-element-populated\">\n\t\t\t\t\t\t<div class=\"elementor-element elementor-element-b5c9f4a elementor-widget elementor-widget-heading\" data-id=\"b5c9f4a\" data-element_type=\"widget\" data-widget_type=\"heading.default\">\n\t\t\t\t<div class=\"elementor-widget-container\">\n\t\t\t<h2 class=\"elementor-heading-title elementor-size-default\">book an appointment<\/h2>\t\t<\/div>\n\t\t\t\t<\/div>\n\t\t\t\t<div class=\"elementor-element elementor-element-248e0e6 elementor-widget elementor-widget-heading\" data-id=\"248e0e6\" data-element_type=\"widget\" data-widget_type=\"heading.default\">\n\t\t\t\t<div class=\"elementor-widget-container\">\n\t\t\t<h2 class=\"elementor-heading-title elementor-size-default\">Appointment request<\/h2>\t\t<\/div>\n\t\t\t\t<\/div>\n\t\t\t\t<div class=\"elementor-element elementor-element-913c7f0 elementor-widget elementor-widget-text-editor\" data-id=\"913c7f0\" data-element_type=\"widget\" data-widget_type=\"text-editor.default\">\n\t\t\t\t<div class=\"elementor-widget-container\">\n\t\t\t\t\t\t\t<p><center>Request an<strong> in-person appointment<\/strong> or an <strong>online consultation<\/strong> by clicking below.<\/center><\/p>\n\t\t\t\t\t\t<\/div>\n\t\t\t\t<\/div>\n\t\t\t\t<div class=\"elementor-element elementor-element-716fd90 elementor-align-center elementor-widget elementor-widget-button\" data-id=\"716fd90\" data-element_type=\"widget\" data-widget_type=\"button.default\">\n\t\t\t\t<div class=\"elementor-widget-container\">\n\t\t\t\t\t<div class=\"elementor-button-wrapper\">\n\t\t\t<a class=\"elementor-button elementor-button-link elementor-size-sm\" href=\"https:\/\/saragomezdermatologa.com\/en\/book-an-appointment\/\">\n\t\t\t\t\t\t<span class=\"elementor-button-content-wrapper\">\n\t\t\t\t\t\t\t\t\t<span class=\"elementor-button-text\">Book an appointment<\/span>\n\t\t\t\t\t<\/span>\n\t\t\t\t\t<\/a>\n\t\t<\/div>\n\t\t\t\t<\/div>\n\t\t\t\t<\/div>\n\t\t\t\t\t<\/div>\n\t\t<\/div>\n\t\t\t\t\t<\/div>\n\t\t<\/section>\n\t\t\t\t<\/div>\n\t\t<\/div>\n\t\t\t\t<\/div>\n\t\t\t\t<\/div>\n\t\t\t\t\t<\/div>\n\t\t<\/div>\n\t\t\t\t\t<\/div>\n\t\t<\/section>\n\t\t\t\t<\/div>\n\t\t","protected":false},"excerpt":{"rendered":"<p>Scars Atrophic (sunken) scars Atrophic scars appear after an inflammatory process that can result in collagen loss and thinning of the dermis. These types of lesions usually develop after chickenpox, trauma, or acne lesions (the most common cause), and usually present as a depression in the skin. Atrophic scars due to chickenpox, facial. Source: Visual &#8230; <a title=\"Atrophic (sunken) scars\" class=\"read-more\" href=\"https:\/\/saragomezdermatologa.com\/en\/scars\/atrophic-sunken-scars\/\" aria-label=\"Read more about Atrophic (sunken) scars\">Read more<\/a><\/p>\n","protected":false},"author":7,"featured_media":3190,"parent":3266,"menu_order":0,"comment_status":"closed","ping_status":"closed","template":"","meta":{"footnotes":""},"yoast_head":"<!-- This site is optimized with the Yoast SEO plugin v22.8 - https:\/\/yoast.com\/wordpress\/plugins\/seo\/ -->\n<title>Atrophic (sunken) scars | Dra. Sara G\u00f3mez Armayones<\/title>\n<meta name=\"description\" content=\"Atrophic scars appear after an inflammatory process that can result in collagen loss and thinning of the dermis.\" \/>\n<meta name=\"robots\" content=\"index, follow, max-snippet:-1, max-image-preview:large, max-video-preview:-1\" \/>\n<link rel=\"canonical\" href=\"https:\/\/saragomezdermatologa.com\/en\/scars\/atrophic-sunken-scars\/\" \/>\n<meta property=\"og:locale\" content=\"en_US\" \/>\n<meta property=\"og:type\" content=\"article\" \/>\n<meta property=\"og:title\" content=\"Atrophic (sunken) scars | Dra. Sara G\u00f3mez Armayones\" \/>\n<meta property=\"og:description\" content=\"Atrophic scars appear after an inflammatory process that can result in collagen loss and thinning of the dermis.\" \/>\n<meta property=\"og:url\" content=\"https:\/\/saragomezdermatologa.com\/en\/scars\/atrophic-sunken-scars\/\" \/>\n<meta property=\"og:site_name\" content=\"Dra. Sara G\u00f3mez Armayones\" \/>\n<meta property=\"article:modified_time\" content=\"2024-01-26T11:35:39+00:00\" \/>\n<meta property=\"og:image\" content=\"https:\/\/saragomezdermatologa.com\/wp-content\/uploads\/2023\/07\/Cicatrices-atroficas-.jpeg\" \/>\n\t<meta property=\"og:image:width\" content=\"512\" \/>\n\t<meta property=\"og:image:height\" content=\"374\" \/>\n\t<meta property=\"og:image:type\" content=\"image\/jpeg\" \/>\n<meta name=\"twitter:card\" content=\"summary_large_image\" \/>\n<meta name=\"twitter:label1\" content=\"Est. reading time\" \/>\n\t<meta name=\"twitter:data1\" content=\"2 minutes\" \/>\n<script type=\"application\/ld+json\" class=\"yoast-schema-graph\">{\"@context\":\"https:\/\/schema.org\",\"@graph\":[{\"@type\":\"WebPage\",\"@id\":\"https:\/\/saragomezdermatologa.com\/en\/scars\/atrophic-sunken-scars\/\",\"url\":\"https:\/\/saragomezdermatologa.com\/en\/scars\/atrophic-sunken-scars\/\",\"name\":\"Atrophic (sunken) scars | Dra. Sara G\u00f3mez Armayones\",\"isPartOf\":{\"@id\":\"https:\/\/saragomezdermatologa.com\/en\/#website\"},\"primaryImageOfPage\":{\"@id\":\"https:\/\/saragomezdermatologa.com\/en\/scars\/atrophic-sunken-scars\/#primaryimage\"},\"image\":{\"@id\":\"https:\/\/saragomezdermatologa.com\/en\/scars\/atrophic-sunken-scars\/#primaryimage\"},\"thumbnailUrl\":\"https:\/\/saragomezdermatologa.com\/wp-content\/uploads\/2023\/07\/Cicatrices-atroficas-.jpeg\",\"datePublished\":\"2023-07-12T14:21:44+00:00\",\"dateModified\":\"2024-01-26T11:35:39+00:00\",\"description\":\"Atrophic scars appear after an inflammatory process that can result in collagen loss and thinning of the dermis.\",\"breadcrumb\":{\"@id\":\"https:\/\/saragomezdermatologa.com\/en\/scars\/atrophic-sunken-scars\/#breadcrumb\"},\"inLanguage\":\"en-US\",\"potentialAction\":[{\"@type\":\"ReadAction\",\"target\":[\"https:\/\/saragomezdermatologa.com\/en\/scars\/atrophic-sunken-scars\/\"]}]},{\"@type\":\"ImageObject\",\"inLanguage\":\"en-US\",\"@id\":\"https:\/\/saragomezdermatologa.com\/en\/scars\/atrophic-sunken-scars\/#primaryimage\",\"url\":\"https:\/\/saragomezdermatologa.com\/wp-content\/uploads\/2023\/07\/Cicatrices-atroficas-.jpeg\",\"contentUrl\":\"https:\/\/saragomezdermatologa.com\/wp-content\/uploads\/2023\/07\/Cicatrices-atroficas-.jpeg\",\"width\":512,\"height\":374},{\"@type\":\"BreadcrumbList\",\"@id\":\"https:\/\/saragomezdermatologa.com\/en\/scars\/atrophic-sunken-scars\/#breadcrumb\",\"itemListElement\":[{\"@type\":\"ListItem\",\"position\":1,\"name\":\"Portada\",\"item\":\"https:\/\/saragomezdermatologa.com\/en\/\"},{\"@type\":\"ListItem\",\"position\":2,\"name\":\"Scars\",\"item\":\"https:\/\/saragomezdermatologa.com\/en\/cicatrices\/\"},{\"@type\":\"ListItem\",\"position\":3,\"name\":\"Atrophic (sunken) scars\"}]},{\"@type\":\"WebSite\",\"@id\":\"https:\/\/saragomezdermatologa.com\/en\/#website\",\"url\":\"https:\/\/saragomezdermatologa.com\/en\/\",\"name\":\"Dra. Sara G\u00f3mez Armayones\",\"description\":\"Dermatolog\u00eda m\u00e9dico-quir\u00fargica y Venereolog\u00eda v\u00eda MIR\",\"potentialAction\":[{\"@type\":\"SearchAction\",\"target\":{\"@type\":\"EntryPoint\",\"urlTemplate\":\"https:\/\/saragomezdermatologa.com\/en\/?s={search_term_string}\"},\"query-input\":\"required name=search_term_string\"}],\"inLanguage\":\"en-US\"}]}<\/script>\n<!-- \/ Yoast SEO plugin. -->","yoast_head_json":{"title":"Atrophic (sunken) scars | Dra. Sara G\u00f3mez Armayones","description":"Atrophic scars appear after an inflammatory process that can result in collagen loss and thinning of the dermis.","robots":{"index":"index","follow":"follow","max-snippet":"max-snippet:-1","max-image-preview":"max-image-preview:large","max-video-preview":"max-video-preview:-1"},"canonical":"https:\/\/saragomezdermatologa.com\/en\/scars\/atrophic-sunken-scars\/","og_locale":"en_US","og_type":"article","og_title":"Atrophic (sunken) scars | Dra. Sara G\u00f3mez Armayones","og_description":"Atrophic scars appear after an inflammatory process that can result in collagen loss and thinning of the dermis.","og_url":"https:\/\/saragomezdermatologa.com\/en\/scars\/atrophic-sunken-scars\/","og_site_name":"Dra. Sara G\u00f3mez Armayones","article_modified_time":"2024-01-26T11:35:39+00:00","og_image":[{"width":512,"height":374,"url":"https:\/\/saragomezdermatologa.com\/wp-content\/uploads\/2023\/07\/Cicatrices-atroficas-.jpeg","type":"image\/jpeg"}],"twitter_card":"summary_large_image","twitter_misc":{"Est. reading time":"2 minutes"},"schema":{"@context":"https:\/\/schema.org","@graph":[{"@type":"WebPage","@id":"https:\/\/saragomezdermatologa.com\/en\/scars\/atrophic-sunken-scars\/","url":"https:\/\/saragomezdermatologa.com\/en\/scars\/atrophic-sunken-scars\/","name":"Atrophic (sunken) scars | Dra. Sara G\u00f3mez Armayones","isPartOf":{"@id":"https:\/\/saragomezdermatologa.com\/en\/#website"},"primaryImageOfPage":{"@id":"https:\/\/saragomezdermatologa.com\/en\/scars\/atrophic-sunken-scars\/#primaryimage"},"image":{"@id":"https:\/\/saragomezdermatologa.com\/en\/scars\/atrophic-sunken-scars\/#primaryimage"},"thumbnailUrl":"https:\/\/saragomezdermatologa.com\/wp-content\/uploads\/2023\/07\/Cicatrices-atroficas-.jpeg","datePublished":"2023-07-12T14:21:44+00:00","dateModified":"2024-01-26T11:35:39+00:00","description":"Atrophic scars appear after an inflammatory process that can result in collagen loss and thinning of the dermis.","breadcrumb":{"@id":"https:\/\/saragomezdermatologa.com\/en\/scars\/atrophic-sunken-scars\/#breadcrumb"},"inLanguage":"en-US","potentialAction":[{"@type":"ReadAction","target":["https:\/\/saragomezdermatologa.com\/en\/scars\/atrophic-sunken-scars\/"]}]},{"@type":"ImageObject","inLanguage":"en-US","@id":"https:\/\/saragomezdermatologa.com\/en\/scars\/atrophic-sunken-scars\/#primaryimage","url":"https:\/\/saragomezdermatologa.com\/wp-content\/uploads\/2023\/07\/Cicatrices-atroficas-.jpeg","contentUrl":"https:\/\/saragomezdermatologa.com\/wp-content\/uploads\/2023\/07\/Cicatrices-atroficas-.jpeg","width":512,"height":374},{"@type":"BreadcrumbList","@id":"https:\/\/saragomezdermatologa.com\/en\/scars\/atrophic-sunken-scars\/#breadcrumb","itemListElement":[{"@type":"ListItem","position":1,"name":"Portada","item":"https:\/\/saragomezdermatologa.com\/en\/"},{"@type":"ListItem","position":2,"name":"Scars","item":"https:\/\/saragomezdermatologa.com\/en\/cicatrices\/"},{"@type":"ListItem","position":3,"name":"Atrophic (sunken) scars"}]},{"@type":"WebSite","@id":"https:\/\/saragomezdermatologa.com\/en\/#website","url":"https:\/\/saragomezdermatologa.com\/en\/","name":"Dra. Sara G\u00f3mez Armayones","description":"Dermatolog\u00eda m\u00e9dico-quir\u00fargica y Venereolog\u00eda v\u00eda MIR","potentialAction":[{"@type":"SearchAction","target":{"@type":"EntryPoint","urlTemplate":"https:\/\/saragomezdermatologa.com\/en\/?s={search_term_string}"},"query-input":"required name=search_term_string"}],"inLanguage":"en-US"}]}},"_links":{"self":[{"href":"https:\/\/saragomezdermatologa.com\/en\/wp-json\/wp\/v2\/pages\/3268"}],"collection":[{"href":"https:\/\/saragomezdermatologa.com\/en\/wp-json\/wp\/v2\/pages"}],"about":[{"href":"https:\/\/saragomezdermatologa.com\/en\/wp-json\/wp\/v2\/types\/page"}],"author":[{"embeddable":true,"href":"https:\/\/saragomezdermatologa.com\/en\/wp-json\/wp\/v2\/users\/7"}],"replies":[{"embeddable":true,"href":"https:\/\/saragomezdermatologa.com\/en\/wp-json\/wp\/v2\/comments?post=3268"}],"version-history":[{"count":6,"href":"https:\/\/saragomezdermatologa.com\/en\/wp-json\/wp\/v2\/pages\/3268\/revisions"}],"predecessor-version":[{"id":4087,"href":"https:\/\/saragomezdermatologa.com\/en\/wp-json\/wp\/v2\/pages\/3268\/revisions\/4087"}],"up":[{"embeddable":true,"href":"https:\/\/saragomezdermatologa.com\/en\/wp-json\/wp\/v2\/pages\/3266"}],"wp:featuredmedia":[{"embeddable":true,"href":"https:\/\/saragomezdermatologa.com\/en\/wp-json\/wp\/v2\/media\/3190"}],"wp:attachment":[{"href":"https:\/\/saragomezdermatologa.com\/en\/wp-json\/wp\/v2\/media?parent=3268"}],"curies":[{"name":"wp","href":"https:\/\/api.w.org\/{rel}","templated":true}]}}